{"id":163,"date":"2018-10-11T23:47:16","date_gmt":"2018-10-11T21:47:16","guid":{"rendered":"http:\/\/www.egit.pro\/?page_id=163"},"modified":"2018-10-17T21:59:30","modified_gmt":"2018-10-17T19:59:30","slug":"nos-services","status":"publish","type":"page","link":"https:\/\/www.egit.pro\/index.php\/nos-services\/","title":{"rendered":"Nos services"},"content":{"rendered":"<p>MATERIEL, VENTE DEPANNAGE<\/p>\n<p>Ordinateur fixe ou portable, serveur, routeur, firewall. Notre \u00e9quipe est en mesure de vous proposer le mat\u00e9riel informatique adapt\u00e9 a vos besoins.<\/p>\n<p>RESEAUX WIFI ETHERNET<\/p>\n<p>Mise en place de vos r\u00e9seaux locaux : Ethernet, courant porteur, WIFI. R\u00e9alisation de baies informatiques et armoires de brassage adapt\u00e9es \u00e0 vos besoins.<\/p>\n<p>TELEPHONIE IP STANDARD<\/p>\n<p>Qu\u2019il s\u2019agisse des T\u00e9l\u00e9phones, des lignes VoIP ou du standard, notre \u00e9quipe technique vous accompagne pour tirer le meilleur de votre parc t\u00e9l\u00e9phonique<\/p>\n<p>CONTRAT DE MAINTENANCE<\/p>\n<p>Garantissez la disponibilit\u00e9 de votre syst\u00e8me informatique avec un contrat de maintenance adapt\u00e9 \u00e0 votre activit\u00e9. Plus qu&rsquo;un simple contrat, il s&rsquo;agit d&rsquo;une relation de confiance et un partenariat solide.<\/p>\n","protected":false},"excerpt":{"rendered":"<p>MATERIEL, VENTE DEPANNAGE Ordinateur fixe ou portable, serveur, routeur, firewall. Notre \u00e9quipe est en mesure de vous proposer le mat\u00e9riel informatique adapt\u00e9 a vos besoins. RESEAUX WIFI ETHERNET Mise en place de vos r\u00e9seaux locaux : Ethernet, courant porteur, WIFI. R\u00e9alisation de baies informatiques et armoires de brassage adapt\u00e9es \u00e0 vos besoins. TELEPHONIE IP STANDARD [&hellip;]<\/p>\n","protected":false},"author":1,"featured_media":0,"parent":0,"menu_order":0,"comment_status":"closed","ping_status":"closed","template":"Page-fullwidth.php","meta":{"footnotes":""},"class_list":["post-163","page","type-page","status-publish","hentry"],"_links":{"self":[{"href":"https:\/\/www.egit.pro\/index.php\/wp-json\/wp\/v2\/pages\/163","targetHints":{"allow":["GET"]}}],"collection":[{"href":"https:\/\/www.egit.pro\/index.php\/wp-json\/wp\/v2\/pages"}],"about":[{"href":"https:\/\/www.egit.pro\/index.php\/wp-json\/wp\/v2\/types\/page"}],"author":[{"embeddable":true,"href":"https:\/\/www.egit.pro\/index.php\/wp-json\/wp\/v2\/users\/1"}],"replies":[{"embeddable":true,"href":"https:\/\/www.egit.pro\/index.php\/wp-json\/wp\/v2\/comments?post=163"}],"version-history":[{"count":3,"href":"https:\/\/www.egit.pro\/index.php\/wp-json\/wp\/v2\/pages\/163\/revisions"}],"predecessor-version":[{"id":716,"href":"https:\/\/www.egit.pro\/index.php\/wp-json\/wp\/v2\/pages\/163\/revisions\/716"}],"wp:attachment":[{"href":"https:\/\/www.egit.pro\/index.php\/wp-json\/wp\/v2\/media?parent=163"}],"curies":[{"name":"wp","href":"https:\/\/api.w.org\/{rel}","templated":true}]}}