{"id":146,"date":"2018-10-11T21:35:05","date_gmt":"2018-10-11T19:35:05","guid":{"rendered":"http:\/\/www.egit.pro\/?page_id=146"},"modified":"2018-10-11T21:56:16","modified_gmt":"2018-10-11T19:56:16","slug":"la-societe","status":"publish","type":"page","link":"https:\/\/www.egit.pro\/index.php\/la-societe\/","title":{"rendered":"La Soci\u00e9t\u00e9"},"content":{"rendered":"<p>Cr\u00e9\u00e9e il y a 14 ans la SARL EG Informatique (EGIT) assure au quotidien la fourniture, le d\u00e9pannage et la maintenance de mat\u00e9riel informatique aupr\u00e8s de ses clients.<\/p>\n<p>Le si\u00e8ge social, notre show-room et notre atelier sont bas\u00e9s au 9 rue Victor Hugo \u00e0 Pont L\u2019abb\u00e9.<\/p>\n<p>L\u2019effectif actuel est de 5 salari\u00e9s \u00e0 temps complet.<\/p>\n<p>La soci\u00e9t\u00e9 r\u00e9alise un chiffre d\u2019affaire annuel d&rsquo;un demi million d&rsquo;euros dont plus de 75 % avec des professionnels<\/p>\n<p>En 2017, pour faire face \u00e0 la croissance d\u2019activit\u00e9, l\u2019atelier est compl\u00e8tement r\u00e9nov\u00e9, nous disposons d\u00e9sormais de locaux ergonomique et optimis\u00e9 pour notre activit\u00e9.<\/p>\n","protected":false},"excerpt":{"rendered":"<p>Cr\u00e9\u00e9e il y a 14 ans la SARL EG Informatique (EGIT) assure au quotidien la fourniture, le d\u00e9pannage et la maintenance de mat\u00e9riel informatique aupr\u00e8s de ses clients. Le si\u00e8ge social, notre show-room et notre atelier sont bas\u00e9s au 9 rue Victor Hugo \u00e0 Pont L\u2019abb\u00e9. L\u2019effectif actuel est de 5 salari\u00e9s \u00e0 temps complet. [&hellip;]<\/p>\n","protected":false},"author":1,"featured_media":0,"parent":0,"menu_order":0,"comment_status":"closed","ping_status":"closed","template":"Page-fullwidth.php","meta":{"footnotes":""},"class_list":["post-146","page","type-page","status-publish","hentry"],"_links":{"self":[{"href":"https:\/\/www.egit.pro\/index.php\/wp-json\/wp\/v2\/pages\/146","targetHints":{"allow":["GET"]}}],"collection":[{"href":"https:\/\/www.egit.pro\/index.php\/wp-json\/wp\/v2\/pages"}],"about":[{"href":"https:\/\/www.egit.pro\/index.php\/wp-json\/wp\/v2\/types\/page"}],"author":[{"embeddable":true,"href":"https:\/\/www.egit.pro\/index.php\/wp-json\/wp\/v2\/users\/1"}],"replies":[{"embeddable":true,"href":"https:\/\/www.egit.pro\/index.php\/wp-json\/wp\/v2\/comments?post=146"}],"version-history":[{"count":3,"href":"https:\/\/www.egit.pro\/index.php\/wp-json\/wp\/v2\/pages\/146\/revisions"}],"predecessor-version":[{"id":150,"href":"https:\/\/www.egit.pro\/index.php\/wp-json\/wp\/v2\/pages\/146\/revisions\/150"}],"wp:attachment":[{"href":"https:\/\/www.egit.pro\/index.php\/wp-json\/wp\/v2\/media?parent=146"}],"curies":[{"name":"wp","href":"https:\/\/api.w.org\/{rel}","templated":true}]}}