{"id":142,"date":"2018-10-10T22:00:56","date_gmt":"2018-10-10T20:00:56","guid":{"rendered":"http:\/\/www.egit.pro\/?page_id=142"},"modified":"2020-04-14T20:43:51","modified_gmt":"2020-04-14T18:43:51","slug":"politique-de-confidentialite","status":"publish","type":"page","link":"https:\/\/www.egit.pro\/index.php\/politique-de-confidentialite\/","title":{"rendered":"Mentions l\u00e9gales"},"content":{"rendered":"<h2 class=\"western\">EGIT<\/h2>\n<p>Soci\u00e9t\u00e9 Anonyme \u00e0 Responsabilit\u00e9 Limit\u00e9e EG Informatique<br \/>\nSi\u00e8ge social : 9 rue Victor Hugo, 29120 Pont L\u2019Abb\u00e9 &#8211; France<br \/>\nR.C.S. Quimper 479 107 641<\/p>\n<p>\u00a9 EGIT 2019. Tous droits r\u00e9serv\u00e9s.<\/p>\n<p>L&rsquo;ensemble des textes et images disponibles sur le site www.egit.pro est prot\u00e9g\u00e9 par les lois fran\u00e7aises sur la propri\u00e9t\u00e9 intellectuelle. Toute reproduction, m\u00eame partielle par quelque proc\u00e9d\u00e9 que ce soit, est interdite sans autorisation pr\u00e9alable. L&rsquo;impression pour usage priv\u00e9 et documentaire est autoris\u00e9e. Les informations et photos non contractuelles sont r\u00e9put\u00e9es exactes \u00e0 la date de derni\u00e8re mise \u00e0 jour du site mais ne sauraient \u00eatre exemptes d&rsquo;erreurs typographiques ou d&rsquo;omissions. La responsabilit\u00e9 d\u2019EGIT ne saurait en aucun cas \u00eatre engag\u00e9e \u00e0 cet \u00e9gard.<\/p>\n<p><strong>Directeur de la publication :<\/strong> CARIOU Eric<\/p>\n<p><strong>Conception et r\u00e9alisation du site<\/strong> : EGIT<\/p>\n<p><strong>H\u00e9bergement du site<\/strong> : EGIT<\/p>\n<h3 class=\"western\"><strong>Donn\u00e9es personnelles<\/strong><\/h3>\n<p>Par l\u2019interm\u00e9diaire de son site internet, EGIT peut \u00eatre amen\u00e9 \u00e0 collecter des donn\u00e9es personnelles (Nom, Pr\u00e9nom, Adresse, e.mail, N\u00b0 de T\u00e9l\u00e9phone). Nous vous informons que ces donn\u00e9es font l\u2019objet, d\u2019un traitement de donn\u00e9es par EGIT, et seront utilis\u00e9es uniquement \u00e0 la r\u00e9alisation de votre demande, Les donn\u00e9es collect\u00e9es sont r\u00e9serv\u00e9es \u00e0 l\u2019usage des personnes habilit\u00e9es au sein d\u2019EGIT, qui seules pourront acc\u00e9der \u00e0 vos donn\u00e9es \u00e0 des fins strictement internes.<\/p>\n<p>EGIT s\u2019efforce de mettre en place toutes pr\u00e9cautions utiles pour pr\u00e9server la confidentialit\u00e9 et la s\u00e9curit\u00e9 des donn\u00e9es personnelles trait\u00e9es et emp\u00eacher qu\u2019elles ne soient d\u00e9form\u00e9es, endommag\u00e9es, d\u00e9truites ou que des tiers non autoris\u00e9s y aient acc\u00e8s. Cependant, EGIT, ne ma\u00eetrisant pas tous les risques li\u00e9s au fonctionnement d&rsquo;internet, attire l&rsquo;attention des internautes sur l&rsquo;existence d&rsquo;\u00e9ventuels risques inh\u00e9rents \u00e0 son utilisation et \u00e0 son fonctionnement.<\/p>\n<p>Les donn\u00e9es \u00e0 caract\u00e8re personnel que vous nous communiquez ne sont pas transmises \u00e0 des tiers et ne feront pas l\u2019objet de transfert vers un pays tiers \u00e0 l\u2019Union europ\u00e9enne.<\/p>\n<p>L\u2019utilisateur dispose, conform\u00e9ment \u00e0 la r\u00e8glementation fran\u00e7aise et europ\u00e9enne en vigueur relative au traitement et \u00e0 la protection des donn\u00e9es \u00e0 caract\u00e8re personnel et notamment le r\u00e8glement europ\u00e9en 2016\/679 du 27 avril 2016, d\u2019un droit d\u2019acc\u00e8s, de rectification, de portabilit\u00e9 et d\u2019opposition aux informations qui le concernent. Pour exercer ce droit, l\u2019Utilisateur doit en faire la demande, en justifiant de son identit\u00e9, \u00e0 EGIT, 9 rue Victor Hugo, 29120 Pont L\u2019Abb\u00e9<\/p>\n<h3 class=\"western\"><strong>Cookies et autres traceurs <\/strong><\/h3>\n<p>Lors de la consultation de notre site internet, des \u201ccookies\u201d sont d\u00e9pos\u00e9s sur votre ordinateur, votre mobile ou votre tablette. Cette page vous permet de mieux comprendre les finalit\u00e9s de ces cookies.<\/p>\n<p><strong>Qu\u2019est qu\u2019un cookie ?<\/strong><\/p>\n<p>Le terme de cookies est \u00e0 prendre au sens large et couvre l\u2019ensemble des traceurs d\u00e9pos\u00e9s et \/ ou lus lors de la consultation de notre site internet. Ces traceurs enregistrent des informations relatives \u00e0 votre navigation afin de vous proposer une exp\u00e9rience de navigation optimale dans un contexte toujours plus pertinent vis \u00e0 vis de vos attentes.<\/p>\n<p>Les cookies sont g\u00e9r\u00e9s par votre navigateur internet et ne peuvent pas \u00eatre utilis\u00e9s pour r\u00e9cup\u00e9rer des donn\u00e9es sur votre disque dur, installer un virus, ou encore se procurer des informations personnelles \u00e0 votre insu.<\/p>\n<p><strong>Quels sont les cookies \u00e9mis et \u00e0 quoi servent-ils?<\/strong><\/p>\n<p><strong>Les cookies fonctionnels<\/strong><\/p>\n<p>Certains cookies sont n\u00e9cessaires \u00e0 la navigation sur notre site. Ils assurent la persistance des donn\u00e9es tout le long de votre navigation : pr\u00e9f\u00e9rences d&rsquo;affichage, informations saisies dans les formulaires, \u00e9tat connect\u00e9, etc. Ces cookies ne doivent pas \u00eatre d\u00e9sactiv\u00e9s ou param\u00e9tr\u00e9s sous peine de perturber le bon fonctionnement du site.<\/p>\n<p><strong>Statistiques<\/strong><\/p>\n<p>Le fonctionnement des services tiers auxquels nous faisons appels afin d\u2019\u00e9tablir des statistiques anonymes sur l\u2019activit\u00e9 des visiteurs de notre site (contenus visit\u00e9s, interactions, etc\u2026) repose sur des cookies.<\/p>\n<p>L\u2019analyse de ces statistiques nous permet par la suite d\u2019am\u00e9liorer l&rsquo;ergonomie et les contenus de notre site et cela afin de vous proposer une exp\u00e9rience de navigation toujours mieux adapt\u00e9e vos attentes.<\/p>\n<p><strong>Les cookies analytiques<\/strong><\/p>\n<p>Il s&rsquo;agit des cookies qui nous permettent de conna\u00eetre l&rsquo;utilisation et les performances de notre site et d&rsquo;en am\u00e9liorer le fonctionnement (par exemple, les pages le plus souvent consult\u00e9es, les sources d\u2019origine des visiteurs\u2026).<\/p>\n<table width=\"643\" cellspacing=\"0\" cellpadding=\"0\">\n<colgroup>\n<col width=\"109\" \/>\n<col width=\"372\" \/>\n<col width=\"162\" \/> <\/colgroup>\n<tbody>\n<tr>\n<td width=\"109\"><strong>Cookies<\/strong><\/td>\n<td width=\"372\"><strong>Utilit\u00e9<\/strong><\/td>\n<td width=\"162\"><strong>Nom de domaine<\/strong><\/td>\n<\/tr>\n<tr>\n<td width=\"109\"><strong>__utma<\/strong><\/td>\n<td width=\"372\">[Google Analytics] Identifie chaque visiteur du site<\/td>\n<td width=\"162\">www.egit.pro<\/td>\n<\/tr>\n<tr>\n<td width=\"109\"><strong>__utmb<\/strong><\/td>\n<td width=\"372\">[Google Analytics] Etablit et continue la session du visiteur<\/td>\n<td width=\"162\">www.egit.pro<\/td>\n<\/tr>\n<tr>\n<td width=\"109\"><strong>__utmc<\/strong><\/td>\n<td width=\"372\">[Google Analytics] Travaille avec __utmb pour savoir si Google doit \u00e9tablir ou non une nouvelle session pour le visiteur<\/td>\n<td width=\"162\">www.egit.pro<\/td>\n<\/tr>\n<tr>\n<td width=\"109\"><strong>__utmv<\/strong><\/td>\n<td width=\"372\">[Google Analytics] Stocke des donn\u00e9es sp\u00e9cifiques sur le visiteur<\/td>\n<td width=\"162\">www.egit.pro<\/td>\n<\/tr>\n<tr>\n<td width=\"109\"><strong>__utmz<\/strong><\/td>\n<td width=\"372\">[Google Analytics] Stocke le r\u00e9f\u00e9rent du visiteur (lien ayant permis au visiteur d&rsquo;arriver au site)<\/td>\n<td width=\"162\">www.egit.pro<\/td>\n<\/tr>\n<\/tbody>\n<\/table>\n<p><strong>Accepter ou refuser les cookies<\/strong><\/p>\n<p>Vous avez la possibilit\u00e9 d\u2019accepter ou de refuser les cookies utiles \u00e0 l\u2019analyse des statistiques de notre site.<\/p>\n<p>Vous pouvez configurer votre logiciel de navigation de mani\u00e8re \u00e0 ce que des cookies soient enregistr\u00e9s dans votre ordinateur ou, au contraire, qu&rsquo;ils soient rejet\u00e9s, soit syst\u00e9matiquement, soit selon leur \u00e9metteur. Vous pouvez \u00e9galement configurer votre logiciel de navigation de mani\u00e8re \u00e0 ce que l&rsquo;acceptation ou le refus des cookies vous soient propos\u00e9s ponctuellement, avant qu&rsquo;un cookie soit susceptible d&rsquo;\u00eatre enregistr\u00e9 dans votre terminal. Vous pouvez \u00e0 tout moment modifier ces configurations. Nous vous rappelons que ces param\u00e9trages sont susceptibles de modifier vos conditions d\u2019acc\u00e8s \u00e0 nos services n\u00e9cessitant l\u2019utilisation de cookies.<\/p>\n<p>La configuration de la gestion des cookies et de vos choix est diff\u00e9rente selon votre navigateur. Le menu d\u2019aide de votre navigateur vous permet de savoir de quelle mani\u00e8re les modifier.<\/p>\n<p>Plus d&rsquo;information sur les cookies, vous pouvez acc\u00e9der au site de la <a href=\"https:\/\/www.cnil.fr\/fr\/cookies-les-outils-pour-les-maitriser\" target=\"_blank\" rel=\"noopener noreferrer\">CNIL<\/a>.<\/p>\n","protected":false},"excerpt":{"rendered":"<p>EGIT Soci\u00e9t\u00e9 Anonyme \u00e0 Responsabilit\u00e9 Limit\u00e9e EG Informatique Si\u00e8ge social : 9 rue Victor Hugo, 29120 Pont L\u2019Abb\u00e9 &#8211; France R.C.S. Quimper 479 107 641 \u00a9 EGIT 2019. Tous droits r\u00e9serv\u00e9s. L&rsquo;ensemble des textes et images disponibles sur le site www.egit.pro est prot\u00e9g\u00e9 par les lois fran\u00e7aises sur la propri\u00e9t\u00e9 intellectuelle. Toute reproduction, m\u00eame partielle [&hellip;]<\/p>\n","protected":false},"author":1,"featured_media":0,"parent":0,"menu_order":0,"comment_status":"closed","ping_status":"closed","template":"Page-fullwidth.php","meta":{"footnotes":""},"class_list":["post-142","page","type-page","status-publish","hentry"],"_links":{"self":[{"href":"https:\/\/www.egit.pro\/index.php\/wp-json\/wp\/v2\/pages\/142","targetHints":{"allow":["GET"]}}],"collection":[{"href":"https:\/\/www.egit.pro\/index.php\/wp-json\/wp\/v2\/pages"}],"about":[{"href":"https:\/\/www.egit.pro\/index.php\/wp-json\/wp\/v2\/types\/page"}],"author":[{"embeddable":true,"href":"https:\/\/www.egit.pro\/index.php\/wp-json\/wp\/v2\/users\/1"}],"replies":[{"embeddable":true,"href":"https:\/\/www.egit.pro\/index.php\/wp-json\/wp\/v2\/comments?post=142"}],"version-history":[{"count":6,"href":"https:\/\/www.egit.pro\/index.php\/wp-json\/wp\/v2\/pages\/142\/revisions"}],"predecessor-version":[{"id":741,"href":"https:\/\/www.egit.pro\/index.php\/wp-json\/wp\/v2\/pages\/142\/revisions\/741"}],"wp:attachment":[{"href":"https:\/\/www.egit.pro\/index.php\/wp-json\/wp\/v2\/media?parent=142"}],"curies":[{"name":"wp","href":"https:\/\/api.w.org\/{rel}","templated":true}]}}